{"id":2,"date":"2022-08-29T12:53:09","date_gmt":"2022-08-29T10:53:09","guid":{"rendered":"http:\/\/melofun.local\/?page_id=2"},"modified":"2026-03-02T12:26:40","modified_gmt":"2026-03-02T11:26:40","slug":"strona-glowna","status":"publish","type":"page","link":"https:\/\/melofunkids.com\/pl\/","title":{"rendered":"Strona g\u0142\u00f3wna"},"content":{"rendered":"\n<div class=\"wp-block-group s1 is-layout-flow wp-block-group-is-layout-flow\">\n<div class=\"wp-block-columns is-layout-flex wp-container-core-columns-is-layout-9d6595d7 wp-block-columns-is-layout-flex\">\n<div class=\"wp-block-column wp-col-txt is-layout-flow wp-block-column-is-layout-flow\">\n<figure class=\"wp-block-image size-full s1-logo\"><img decoding=\"async\" src=\"\/wp-content\/uploads\/2022\/08\/melofun-logo.svg\" alt=\"\" class=\"wp-image-8\"\/><\/figure>\n\n\n\n<h4 class=\"wp-block-heading has-text-align-right has-grey-color has-text-color\">Music Education Matters<\/h4>\n\n\n\n<h1 class=\"wp-block-heading has-text-align-right has-primary-color has-text-color\"><strong>MeloFun<\/strong> to gotowy <strong>program zaj\u0119\u0107 muzycznych<\/strong> dla przedszkoli i \u017c\u0142obk\u00f3w, kt\u00f3ry zamienia nauk\u0119 w magiczn\u0105 przygod\u0119 \u2013 nawet <strong>bez wykszta\u0142cenia muzycznego.<\/strong><\/h1>\n\n\n\n<div class=\"wp-block-buttons is-content-justification-right is-layout-flex wp-container-core-buttons-is-layout-765c4724 wp-block-buttons-is-layout-flex\">\n<div class=\"wp-block-button alignright is-style-outline is-style-outline--1\"><a class=\"wp-block-button__link wp-element-button\" href=\"https:\/\/portal.melofunkids.com\/pl\/register\" target=\"_blank\" rel=\"noreferrer noopener\">Wypr\u00f3buj za darmo!<\/a><\/div>\n<\/div>\n<\/div>\n\n\n\n<div class=\"wp-block-column is-vertically-aligned-center wp-col-img is-layout-flow wp-block-column-is-layout-flow\">\n<figure class=\"wp-block-image aligncenter size-large\"><img decoding=\"async\" width=\"1200\" height=\"675\" src=\"https:\/\/melofunkids.com\/wp-content\/uploads\/2025\/11\/laptop_table_pl-1-1200x675.png\" alt=\"\" class=\"wp-image-1141\" srcset=\"https:\/\/melofunkids.com\/wp-content\/uploads\/2025\/11\/laptop_table_pl-1-1200x675.png 1200w, https:\/\/melofunkids.com\/wp-content\/uploads\/2025\/11\/laptop_table_pl-1-800x450.png 800w, https:\/\/melofunkids.com\/wp-content\/uploads\/2025\/11\/laptop_table_pl-1-768x432.png 768w, https:\/\/melofunkids.com\/wp-content\/uploads\/2025\/11\/laptop_table_pl-1-1536x864.png 1536w, https:\/\/melofunkids.com\/wp-content\/uploads\/2025\/11\/laptop_table_pl-1.png 1920w\" sizes=\"(max-width: 1200px) 100vw, 1200px\" \/><\/figure>\n<\/div>\n<\/div>\n<\/div>\n\n\n\n<div id=\"metoda-melofun\" class=\"wp-block-group s2 is-layout-flow wp-block-group-is-layout-flow\">\n<div class=\"wp-block-columns is-layout-flex wp-container-core-columns-is-layout-9d6595d7 wp-block-columns-is-layout-flex\">\n<div class=\"wp-block-column wp-col-img is-layout-flow wp-block-column-is-layout-flow\">\n<figure class=\"wp-block-image size-large\"><img decoding=\"async\" width=\"893\" height=\"1200\" src=\"\/wp-content\/uploads\/2022\/08\/Melofun-app4white-crop-1-893x1200.jpg\" alt=\"\" class=\"wp-image-67\" srcset=\"https:\/\/melofunkids.com\/wp-content\/uploads\/2022\/08\/Melofun-app4white-crop-1-893x1200.jpg 893w, https:\/\/melofunkids.com\/wp-content\/uploads\/2022\/08\/Melofun-app4white-crop-1-595x800.jpg 595w, https:\/\/melofunkids.com\/wp-content\/uploads\/2022\/08\/Melofun-app4white-crop-1-768x1033.jpg 768w, https:\/\/melofunkids.com\/wp-content\/uploads\/2022\/08\/Melofun-app4white-crop-1-1142x1536.jpg 1142w, https:\/\/melofunkids.com\/wp-content\/uploads\/2022\/08\/Melofun-app4white-crop-1.jpg 1370w\" sizes=\"(max-width: 893px) 100vw, 893px\" \/><\/figure>\n<\/div>\n\n\n\n<div class=\"wp-block-column wp-col-txt is-layout-flow wp-block-column-is-layout-flow\">\n<h2 class=\"wp-block-heading has-primary-color has-text-color\" style=\"margin-bottom:15px;\">MeloFun<\/h2>\n\n\n\n<p><strong>MeloFun<\/strong> zapewnia natychmiastowy dost\u0119p do <strong>bogatej kolekcji<\/strong> materia\u0142\u00f3w muzycznych dla przedszkoli i \u017c\u0142obk\u00f3w: ponad <strong>50 autorskich piosenek <\/strong>i rymowanek, <strong>60+ gotowych plan\u00f3w lekcji<\/strong>, pi\u0119knie zaprojektowane <strong>materia\u0142y<\/strong> do druku oraz <strong>filmy instrukta\u017cowe <\/strong>do ka\u017cdej aktywno\u015bci \u2013 wszystko dopasowane do wieku dzieci i cel\u00f3w edukacyjnych. Program stworzony jest zgodnie z <strong>filozofi\u0105 Montessori<\/strong> i oparty na wiod\u0105cych nurtach edukacji muzycznej \u2013 <strong>Orff-Schulwerk, Kod\u00e1ly, Dalcroze, Suzuki<\/strong> <strong>i Gordon<\/strong>.<\/p>\n\n\n\n<p>Z MeloFun <strong>dyrektorzy<\/strong> maj\u0105 pewno\u015b\u0107 <strong>najlepszego rozwoju muzycznego<\/strong> dzieci, a <strong>nauczyciele<\/strong> mog\u0105 skupi\u0107 si\u0119 na tym, co najwa\u017cniejsze \u2013<strong> uczy\u0107 i inspirowa\u0107<\/strong>, zamiast traci\u0107 czas na przygotwania. <\/p>\n\n\n\n<p>Pe\u0142ny dost\u0119p do platformy oraz mo\u017cliwo\u015b\u0107 wykupienia subskrypcji b\u0119d\u0105 dost\u0119pne od <strong>wrze\u015bnia 2026 roku.<\/strong> W pierwszym roku liczba subskrypcji b\u0119dzie ograniczona, dlatego zach\u0119camy <strong>do zapisania si\u0119 na list\u0119 oczekuj\u0105cych.<\/strong><\/p>\n\n\n\n<p><strong>Wierzymy w moc muzyki. <\/strong>\u0106wiczy <strong>pami\u0119\u0107<\/strong>, rozwija <strong>logiczne my\u015blenie<\/strong> i <strong>koordynacj\u0119 <\/strong>ruchow\u0105, pobudza <strong>kreatywno\u015b\u0107 i uwra\u017cliwia. <\/strong><\/p>\n\n\n\n<p>Zapisz si\u0119 teraz i zacznij inspirowa\u0107 oraz rozwija\u0107 w dzieciach <strong>mi\u0142o\u015b\u0107 do muzyki na ca\u0142e \u017cycie.<\/strong><\/p>\n\n\n\n<div class=\"wp-block-buttons is-content-justification-center is-layout-flex wp-container-core-buttons-is-layout-16018d1d wp-block-buttons-is-layout-flex\">\n<div class=\"wp-block-button is-style-outline is-style-outline--2\"><a class=\"wp-block-button__link wp-element-button\" href=\"https:\/\/www.youtube.com\/watch?v=r-uUUYis8cU\" target=\"_blank\" rel=\"noreferrer noopener\">Zobacz jak dzia\u0142a platforma<\/a><\/div>\n<\/div>\n<\/div>\n<\/div>\n<\/div>\n\n\n\n<div id=\"skontaktuj-sie-z-nami\" class=\"wp-block-group s3 is-layout-flow wp-block-group-is-layout-flow\">\n<div class=\"wp-block-columns is-layout-flex wp-container-core-columns-is-layout-9d6595d7 wp-block-columns-is-layout-flex\">\n<div class=\"wp-block-column wp-col-txt is-layout-flow wp-block-column-is-layout-flow\">\n<h2 class=\"wp-block-heading has-text-align-right has-primary-color has-text-color\">Zapisz si\u0119 na list\u0119 oczekuj\u0105cych!<\/h2>\n<\/div>\n\n\n\n<div class=\"wp-block-column wp-col-form is-layout-flow wp-block-column-is-layout-flow\">\n<div class=\"wp-block-contact-form-7-contact-form-selector\">\n<div class=\"wpcf7 no-js\" id=\"wpcf7-f17-o1\" lang=\"pl-PL\" dir=\"ltr\" data-wpcf7-id=\"17\">\n<div class=\"screen-reader-response\"><p role=\"status\" aria-live=\"polite\" aria-atomic=\"true\"><\/p> <ul><\/ul><\/div>\n<form action=\"\/pl\/wp-json\/wp\/v2\/pages\/2#wpcf7-f17-o1\" method=\"post\" class=\"wpcf7-form init\" aria-label=\"Formularz kontaktowy\" novalidate=\"novalidate\" data-status=\"init\">\n<fieldset class=\"hidden-fields-container\"><input type=\"hidden\" name=\"_wpcf7\" value=\"17\" \/><input type=\"hidden\" name=\"_wpcf7_version\" value=\"6.1.3\" \/><input type=\"hidden\" name=\"_wpcf7_locale\" value=\"pl_PL\" \/><input type=\"hidden\" name=\"_wpcf7_unit_tag\" value=\"wpcf7-f17-o1\" \/><input type=\"hidden\" name=\"_wpcf7_container_post\" value=\"0\" \/><input type=\"hidden\" name=\"_wpcf7_posted_data_hash\" value=\"\" \/>\n<\/fieldset>\n<span class=\"wpcf7-form-control-wrap\" data-name=\"your-name\"><input size=\"40\" maxlength=\"400\" class=\"wpcf7-form-control wpcf7-text wpcf7-validates-as-required\" aria-required=\"true\" aria-invalid=\"false\" placeholder=\"Imi\u0119 i nazwisko\" value=\"\" type=\"text\" name=\"your-name\" \/><\/span>\n\n<span class=\"wpcf7-form-control-wrap\" data-name=\"your-email\"><input size=\"40\" maxlength=\"400\" class=\"wpcf7-form-control wpcf7-email wpcf7-validates-as-required wpcf7-text wpcf7-validates-as-email\" aria-required=\"true\" aria-invalid=\"false\" placeholder=\"e-mail\" value=\"\" type=\"email\" name=\"your-email\" \/><\/span>\n\n<span class=\"wpcf7-form-control-wrap\" data-name=\"your-profession\"><select class=\"wpcf7-form-control wpcf7-select wpcf7-validates-as-required\" aria-required=\"true\" aria-invalid=\"false\" name=\"your-profession\"><option value=\"\">Jestem...<\/option><option value=\"Dyrektorem Plac\u00f3wki\">Dyrektorem Plac\u00f3wki<\/option><option value=\"Nauczycielem\">Nauczycielem<\/option><option value=\"Rodzicem\">Rodzicem<\/option><\/select><\/span>\n\n<span class=\"wpcf7-form-control-wrap\" data-name=\"your-subject\"><select class=\"wpcf7-form-control wpcf7-select wpcf7-validates-as-required\" aria-required=\"true\" aria-invalid=\"false\" name=\"your-subject\"><option value=\"\">Chcia\u0142bym...<\/option><option value=\"Dowiedzie\u0107 si\u0119 wi\u0119cej o programie\">Dowiedzie\u0107 si\u0119 wi\u0119cej o programie<\/option><option value=\"Zapisa\u0107 si\u0119 na list\u0119 oczekuj\u0105cych\">Zapisa\u0107 si\u0119 na list\u0119 oczekuj\u0105cych<\/option><\/select><\/span>\n\n<span class=\"wpcf7-form-control-wrap\" data-name=\"acceptance-1\"><span class=\"wpcf7-form-control wpcf7-acceptance optional\"><span class=\"wpcf7-list-item\"><label><input type=\"checkbox\" name=\"acceptance-1\" value=\"1\" aria-invalid=\"false\" \/><span class=\"wpcf7-list-item-label\">Wyra\u017cam zgod\u0119 na przesy\u0142anie informacji handlowych za pomoc\u0105 \u015brodk\u00f3w komunikacji elektronicznej.<\/span><\/label><\/span><\/span><\/span>\n\n<span class=\"wpcf7-form-control-wrap\" data-name=\"acceptance-2\"><span class=\"wpcf7-form-control wpcf7-acceptance optional\"><span class=\"wpcf7-list-item\"><label><input type=\"checkbox\" name=\"acceptance-2\" value=\"1\" aria-invalid=\"false\" \/><span class=\"wpcf7-list-item-label\">Wyra\u017cam zgod\u0119 na przetwarzanie moich danych osobowych przez MeloFun.<\/span><\/label><\/span><\/span><\/span>\n\n<input class=\"wpcf7-form-control wpcf7-submit has-spinner\" type=\"submit\" value=\"Wy\u015blij\" \/><input type=\"hidden\" id=\"ct_checkjs_cf7_a01a0380ca3c61428c26a231f0e49a09\" name=\"ct_checkjs_cf7\" value=\"0\" \/><script >setTimeout(function(){var ct_input_name = \"ct_checkjs_cf7_a01a0380ca3c61428c26a231f0e49a09\";if (document.getElementById(ct_input_name) !== null) {var ct_input_value = document.getElementById(ct_input_name).value;document.getElementById(ct_input_name).value = document.getElementById(ct_input_name).value.replace(ct_input_value, '590502774');}}, 1000);<\/script><input\n                    class=\"apbct_special_field apbct_email_id__wp_contact_form_7\"\n                    name=\"apbct__email_id__wp_contact_form_7\"\n                    aria-label=\"apbct__label_id__wp_contact_form_7\"\n                    type=\"text\" size=\"30\" maxlength=\"200\" autocomplete=\"off\"\n                    value=\"\"\n                \/><div class=\"wpcf7-response-output\" aria-hidden=\"true\"><\/div>\n<\/form>\n<\/div>\n<\/div>\n<\/div>\n<\/div>\n<\/div>\n\n\n\n<p><\/p>\n","protected":false},"excerpt":{"rendered":"<p>Music Education Matters MeloFun to gotowy program zaj\u0119\u0107 muzycznych dla przedszkoli i \u017c\u0142obk\u00f3w, kt\u00f3ry zamienia nauk\u0119 w magiczn\u0105 przygod\u0119 \u2013 nawet bez wykszta\u0142cenia muzycznego. MeloFun MeloFun zapewnia natychmiastowy dost\u0119p do bogatej kolekcji materia\u0142\u00f3w muzycznych dla przedszkoli i \u017c\u0142obk\u00f3w: ponad 50 autorskich piosenek i rymowanek, 60+ gotowych plan\u00f3w lekcji, pi\u0119knie zaprojektowane materia\u0142y do druku oraz filmy [&hellip;]<\/p>\n","protected":false},"author":1,"featured_media":0,"parent":0,"menu_order":0,"comment_status":"closed","ping_status":"closed","template":"","meta":{"footnotes":""},"class_list":["post-2","page","type-page","status-publish","hentry"],"yoast_head":"<!-- This site is optimized with the Yoast SEO plugin v26.3 - https:\/\/yoast.com\/wordpress\/plugins\/seo\/ -->\n<title>Strona g\u0142\u00f3wna - MeloFun<\/title>\n<meta name=\"robots\" content=\"index, follow, max-snippet:-1, max-image-preview:large, max-video-preview:-1\" \/>\n<link rel=\"canonical\" href=\"https:\/\/melofunkids.com\/pl\/\" \/>\n<meta property=\"og:locale\" content=\"pl_PL\" \/>\n<meta property=\"og:type\" content=\"article\" \/>\n<meta property=\"og:title\" content=\"Strona g\u0142\u00f3wna - MeloFun\" \/>\n<meta property=\"og:description\" content=\"Music Education Matters MeloFun to gotowy program zaj\u0119\u0107 muzycznych dla przedszkoli i \u017c\u0142obk\u00f3w, kt\u00f3ry zamienia nauk\u0119 w magiczn\u0105 przygod\u0119 \u2013 nawet bez wykszta\u0142cenia muzycznego. MeloFun MeloFun zapewnia natychmiastowy dost\u0119p do bogatej kolekcji materia\u0142\u00f3w muzycznych dla przedszkoli i \u017c\u0142obk\u00f3w: ponad 50 autorskich piosenek i rymowanek, 60+ gotowych plan\u00f3w lekcji, pi\u0119knie zaprojektowane materia\u0142y do druku oraz filmy [&hellip;]\" \/>\n<meta property=\"og:url\" content=\"https:\/\/melofunkids.com\/pl\/\" \/>\n<meta property=\"og:site_name\" content=\"MeloFun\" \/>\n<meta property=\"article:publisher\" content=\"https:\/\/pl-pl.facebook.com\/MusicHubWarszawa\/\" \/>\n<meta property=\"article:modified_time\" content=\"2026-03-02T11:26:40+00:00\" \/>\n<meta property=\"og:image\" content=\"https:\/\/melofunkids.com\/wp-content\/uploads\/2025\/11\/laptop_table_pl-1-1200x675.png\" \/>\n<meta name=\"twitter:card\" content=\"summary_large_image\" \/>\n<meta name=\"twitter:label1\" content=\"Szacowany czas czytania\" \/>\n\t<meta name=\"twitter:data1\" content=\"2 minuty\" \/>\n<script type=\"application\/ld+json\" class=\"yoast-schema-graph\">{\"@context\":\"https:\/\/schema.org\",\"@graph\":[{\"@type\":\"WebPage\",\"@id\":\"https:\/\/melofunkids.com\/pl\/\",\"url\":\"https:\/\/melofunkids.com\/pl\/\",\"name\":\"Strona g\u0142\u00f3wna - MeloFun\",\"isPartOf\":{\"@id\":\"https:\/\/melofunkids.com\/#website\"},\"primaryImageOfPage\":{\"@id\":\"https:\/\/melofunkids.com\/pl\/#primaryimage\"},\"image\":{\"@id\":\"https:\/\/melofunkids.com\/pl\/#primaryimage\"},\"thumbnailUrl\":\"https:\/\/melofunkids.com\/wp-content\/uploads\/2025\/11\/laptop_table_pl-1-1200x675.png\",\"datePublished\":\"2022-08-29T10:53:09+00:00\",\"dateModified\":\"2026-03-02T11:26:40+00:00\",\"breadcrumb\":{\"@id\":\"https:\/\/melofunkids.com\/pl\/#breadcrumb\"},\"inLanguage\":\"pl-PL\",\"potentialAction\":[{\"@type\":\"ReadAction\",\"target\":[\"https:\/\/melofunkids.com\/pl\/\"]}]},{\"@type\":\"ImageObject\",\"inLanguage\":\"pl-PL\",\"@id\":\"https:\/\/melofunkids.com\/pl\/#primaryimage\",\"url\":\"https:\/\/melofunkids.com\/wp-content\/uploads\/2025\/11\/laptop_table_pl-1-1200x675.png\",\"contentUrl\":\"https:\/\/melofunkids.com\/wp-content\/uploads\/2025\/11\/laptop_table_pl-1-1200x675.png\"},{\"@type\":\"BreadcrumbList\",\"@id\":\"https:\/\/melofunkids.com\/pl\/#breadcrumb\",\"itemListElement\":[{\"@type\":\"ListItem\",\"position\":1,\"name\":\"Home\",\"item\":\"https:\/\/melofunkids.com\/pl\/\"},{\"@type\":\"ListItem\",\"position\":2,\"name\":\"Strona g\u0142\u00f3wna\"}]},{\"@type\":\"WebSite\",\"@id\":\"https:\/\/melofunkids.com\/#website\",\"url\":\"https:\/\/melofunkids.com\/\",\"name\":\"MeloFun\",\"description\":\"Program do edukacji muzycznej w \u017c\u0142obkach, przedszkolach i Twoim domu.\",\"publisher\":{\"@id\":\"https:\/\/melofunkids.com\/#organization\"},\"potentialAction\":[{\"@type\":\"SearchAction\",\"target\":{\"@type\":\"EntryPoint\",\"urlTemplate\":\"https:\/\/melofunkids.com\/?s={search_term_string}\"},\"query-input\":{\"@type\":\"PropertyValueSpecification\",\"valueRequired\":true,\"valueName\":\"search_term_string\"}}],\"inLanguage\":\"pl-PL\"},{\"@type\":\"Organization\",\"@id\":\"https:\/\/melofunkids.com\/#organization\",\"name\":\"MeloFun\",\"url\":\"https:\/\/melofunkids.com\/\",\"logo\":{\"@type\":\"ImageObject\",\"inLanguage\":\"pl-PL\",\"@id\":\"https:\/\/melofunkids.com\/#\/schema\/logo\/image\/\",\"url\":\"https:\/\/melofunkids.com\/wp-content\/uploads\/2022\/08\/melofun-logo.svg\",\"contentUrl\":\"https:\/\/melofunkids.com\/wp-content\/uploads\/2022\/08\/melofun-logo.svg\",\"width\":160.939,\"height\":56.732,\"caption\":\"MeloFun\"},\"image\":{\"@id\":\"https:\/\/melofunkids.com\/#\/schema\/logo\/image\/\"},\"sameAs\":[\"https:\/\/pl-pl.facebook.com\/MusicHubWarszawa\/\"]}]}<\/script>\n<!-- \/ Yoast SEO plugin. -->","yoast_head_json":{"title":"Strona g\u0142\u00f3wna - MeloFun","robots":{"index":"index","follow":"follow","max-snippet":"max-snippet:-1","max-image-preview":"max-image-preview:large","max-video-preview":"max-video-preview:-1"},"canonical":"https:\/\/melofunkids.com\/pl\/","og_locale":"pl_PL","og_type":"article","og_title":"Strona g\u0142\u00f3wna - MeloFun","og_description":"Music Education Matters MeloFun to gotowy program zaj\u0119\u0107 muzycznych dla przedszkoli i \u017c\u0142obk\u00f3w, kt\u00f3ry zamienia nauk\u0119 w magiczn\u0105 przygod\u0119 \u2013 nawet bez wykszta\u0142cenia muzycznego. MeloFun MeloFun zapewnia natychmiastowy dost\u0119p do bogatej kolekcji materia\u0142\u00f3w muzycznych dla przedszkoli i \u017c\u0142obk\u00f3w: ponad 50 autorskich piosenek i rymowanek, 60+ gotowych plan\u00f3w lekcji, pi\u0119knie zaprojektowane materia\u0142y do druku oraz filmy [&hellip;]","og_url":"https:\/\/melofunkids.com\/pl\/","og_site_name":"MeloFun","article_publisher":"https:\/\/pl-pl.facebook.com\/MusicHubWarszawa\/","article_modified_time":"2026-03-02T11:26:40+00:00","og_image":[{"url":"https:\/\/melofunkids.com\/wp-content\/uploads\/2025\/11\/laptop_table_pl-1-1200x675.png","type":"","width":"","height":""}],"twitter_card":"summary_large_image","twitter_misc":{"Szacowany czas czytania":"2 minuty"},"schema":{"@context":"https:\/\/schema.org","@graph":[{"@type":"WebPage","@id":"https:\/\/melofunkids.com\/pl\/","url":"https:\/\/melofunkids.com\/pl\/","name":"Strona g\u0142\u00f3wna - MeloFun","isPartOf":{"@id":"https:\/\/melofunkids.com\/#website"},"primaryImageOfPage":{"@id":"https:\/\/melofunkids.com\/pl\/#primaryimage"},"image":{"@id":"https:\/\/melofunkids.com\/pl\/#primaryimage"},"thumbnailUrl":"https:\/\/melofunkids.com\/wp-content\/uploads\/2025\/11\/laptop_table_pl-1-1200x675.png","datePublished":"2022-08-29T10:53:09+00:00","dateModified":"2026-03-02T11:26:40+00:00","breadcrumb":{"@id":"https:\/\/melofunkids.com\/pl\/#breadcrumb"},"inLanguage":"pl-PL","potentialAction":[{"@type":"ReadAction","target":["https:\/\/melofunkids.com\/pl\/"]}]},{"@type":"ImageObject","inLanguage":"pl-PL","@id":"https:\/\/melofunkids.com\/pl\/#primaryimage","url":"https:\/\/melofunkids.com\/wp-content\/uploads\/2025\/11\/laptop_table_pl-1-1200x675.png","contentUrl":"https:\/\/melofunkids.com\/wp-content\/uploads\/2025\/11\/laptop_table_pl-1-1200x675.png"},{"@type":"BreadcrumbList","@id":"https:\/\/melofunkids.com\/pl\/#breadcrumb","itemListElement":[{"@type":"ListItem","position":1,"name":"Home","item":"https:\/\/melofunkids.com\/pl\/"},{"@type":"ListItem","position":2,"name":"Strona g\u0142\u00f3wna"}]},{"@type":"WebSite","@id":"https:\/\/melofunkids.com\/#website","url":"https:\/\/melofunkids.com\/","name":"MeloFun","description":"Program do edukacji muzycznej w \u017c\u0142obkach, przedszkolach i Twoim domu.","publisher":{"@id":"https:\/\/melofunkids.com\/#organization"},"potentialAction":[{"@type":"SearchAction","target":{"@type":"EntryPoint","urlTemplate":"https:\/\/melofunkids.com\/?s={search_term_string}"},"query-input":{"@type":"PropertyValueSpecification","valueRequired":true,"valueName":"search_term_string"}}],"inLanguage":"pl-PL"},{"@type":"Organization","@id":"https:\/\/melofunkids.com\/#organization","name":"MeloFun","url":"https:\/\/melofunkids.com\/","logo":{"@type":"ImageObject","inLanguage":"pl-PL","@id":"https:\/\/melofunkids.com\/#\/schema\/logo\/image\/","url":"https:\/\/melofunkids.com\/wp-content\/uploads\/2022\/08\/melofun-logo.svg","contentUrl":"https:\/\/melofunkids.com\/wp-content\/uploads\/2022\/08\/melofun-logo.svg","width":160.939,"height":56.732,"caption":"MeloFun"},"image":{"@id":"https:\/\/melofunkids.com\/#\/schema\/logo\/image\/"},"sameAs":["https:\/\/pl-pl.facebook.com\/MusicHubWarszawa\/"]}]}},"_links":{"self":[{"href":"https:\/\/melofunkids.com\/pl\/wp-json\/wp\/v2\/pages\/2","targetHints":{"allow":["GET"]}}],"collection":[{"href":"https:\/\/melofunkids.com\/pl\/wp-json\/wp\/v2\/pages"}],"about":[{"href":"https:\/\/melofunkids.com\/pl\/wp-json\/wp\/v2\/types\/page"}],"author":[{"embeddable":true,"href":"https:\/\/melofunkids.com\/pl\/wp-json\/wp\/v2\/users\/1"}],"replies":[{"embeddable":true,"href":"https:\/\/melofunkids.com\/pl\/wp-json\/wp\/v2\/comments?post=2"}],"version-history":[{"count":81,"href":"https:\/\/melofunkids.com\/pl\/wp-json\/wp\/v2\/pages\/2\/revisions"}],"predecessor-version":[{"id":1236,"href":"https:\/\/melofunkids.com\/pl\/wp-json\/wp\/v2\/pages\/2\/revisions\/1236"}],"wp:attachment":[{"href":"https:\/\/melofunkids.com\/pl\/wp-json\/wp\/v2\/media?parent=2"}],"curies":[{"name":"wp","href":"https:\/\/api.w.org\/{rel}","templated":true}]}}